{"id":61,"date":"2021-01-25T21:24:01","date_gmt":"2021-01-26T00:24:01","guid":{"rendered":"http:\/\/zefiroflautas.com.br\/?page_id=61"},"modified":"2021-06-30T12:42:56","modified_gmt":"2021-06-30T15:42:56","slug":"ola","status":"publish","type":"page","link":"https:\/\/zefiroflautas.com.br\/","title":{"rendered":"Ol\u00e1!"},"content":{"rendered":"\n<p><p style=\"padding-top:50px\">Fazemos P\u00edfanos em alum\u00ednio afinados em Sol (G) e em D\u00f3 (C).<\/p><\/p>\n\n\n\n<p class=\"has-text-align-left\"><\/p>\n\n\n\n<p>                       <span class=\"has-inline-color has-black-color\">COMPRAS PELO CELULAR<\/span><span class=\"has-inline-color has-vivid-green-cyan-color\">   <strong>41 999048226<\/strong><\/span> <\/p>\n\n\n\n<p>                      <span class=\"has-inline-color has-vivid-green-cyan-color\"> <\/span><span class=\"has-inline-color has-black-color\">OU  EMAIL<\/span><span class=\"has-inline-color has-vivid-green-cyan-color\">   <strong>zefiroflautas@gmail.com<\/strong><\/span>           <\/p>\n\n\n\n<p><\/p>\n\n\n\n<div class=\"wp-block-columns is-layout-flex wp-container-core-columns-is-layout-9d6595d7 wp-block-columns-is-layout-flex\">\n<div class=\"wp-block-column is-layout-flow wp-block-column-is-layout-flow\" style=\"flex-basis:100%\">\n<div class=\"wp-block-group\"><div class=\"wp-block-group__inner-container is-layout-flow wp-block-group-is-layout-flow\">\n<figure class=\"wp-block-gallery columns-2 is-cropped wp-block-gallery-1 is-layout-flex wp-block-gallery-is-layout-flex\"><ul class=\"blocks-gallery-grid\"><li class=\"blocks-gallery-item\"><figure><img loading=\"lazy\" decoding=\"async\" width=\"498\" height=\"1024\" src=\"http:\/\/zefiroflautas.com.br\/wp-content\/uploads\/2021\/01\/WhatsApp-Image-2021-01-26-at-05.00.56-498x1024.jpeg\" alt=\"\" data-id=\"111\" data-full-url=\"http:\/\/zefiroflautas.com.br\/wp-content\/uploads\/2021\/01\/WhatsApp-Image-2021-01-26-at-05.00.56.jpeg\" data-link=\"http:\/\/zefiroflautas.com.br\/index.php\/ola\/whatsapp-image-2021-01-26-at-05-00-56\/\" class=\"wp-image-111\" srcset=\"https:\/\/zefiroflautas.com.br\/wp-content\/uploads\/2021\/01\/WhatsApp-Image-2021-01-26-at-05.00.56-498x1024.jpeg 498w, https:\/\/zefiroflautas.com.br\/wp-content\/uploads\/2021\/01\/WhatsApp-Image-2021-01-26-at-05.00.56-146x300.jpeg 146w, https:\/\/zefiroflautas.com.br\/wp-content\/uploads\/2021\/01\/WhatsApp-Image-2021-01-26-at-05.00.56.jpeg 623w\" sizes=\"auto, (max-width: 498px) 100vw, 498px\" \/><\/figure><\/li><li class=\"blocks-gallery-item\"><figure><img loading=\"lazy\" decoding=\"async\" width=\"498\" height=\"1024\" src=\"http:\/\/zefiroflautas.com.br\/wp-content\/uploads\/2021\/01\/WhatsApp-Image-2021-01-26-at-05.02.08-498x1024.jpeg\" alt=\"\" data-id=\"105\" data-full-url=\"http:\/\/zefiroflautas.com.br\/wp-content\/uploads\/2021\/01\/WhatsApp-Image-2021-01-26-at-05.02.08.jpeg\" data-link=\"http:\/\/zefiroflautas.com.br\/index.php\/ola\/whatsapp-image-2021-01-26-at-05-02-08\/\" class=\"wp-image-105\" srcset=\"https:\/\/zefiroflautas.com.br\/wp-content\/uploads\/2021\/01\/WhatsApp-Image-2021-01-26-at-05.02.08-498x1024.jpeg 498w, https:\/\/zefiroflautas.com.br\/wp-content\/uploads\/2021\/01\/WhatsApp-Image-2021-01-26-at-05.02.08-146x300.jpeg 146w, https:\/\/zefiroflautas.com.br\/wp-content\/uploads\/2021\/01\/WhatsApp-Image-2021-01-26-at-05.02.08.jpeg 623w\" sizes=\"auto, (max-width: 498px) 100vw, 498px\" \/><\/figure><\/li><li class=\"blocks-gallery-item\"><figure><img loading=\"lazy\" decoding=\"async\" width=\"1024\" height=\"498\" src=\"http:\/\/zefiroflautas.com.br\/wp-content\/uploads\/2021\/01\/WhatsApp-Image-2021-01-26-at-04.59.32-1-1024x498.jpeg\" alt=\"\" data-id=\"110\" data-full-url=\"http:\/\/zefiroflautas.com.br\/wp-content\/uploads\/2021\/01\/WhatsApp-Image-2021-01-26-at-04.59.32-1.jpeg\" data-link=\"http:\/\/zefiroflautas.com.br\/index.php\/ola\/whatsapp-image-2021-01-26-at-04-59-32-1\/\" class=\"wp-image-110\" srcset=\"https:\/\/zefiroflautas.com.br\/wp-content\/uploads\/2021\/01\/WhatsApp-Image-2021-01-26-at-04.59.32-1-1024x498.jpeg 1024w, https:\/\/zefiroflautas.com.br\/wp-content\/uploads\/2021\/01\/WhatsApp-Image-2021-01-26-at-04.59.32-1-300x146.jpeg 300w, https:\/\/zefiroflautas.com.br\/wp-content\/uploads\/2021\/01\/WhatsApp-Image-2021-01-26-at-04.59.32-1-768x374.jpeg 768w, https:\/\/zefiroflautas.com.br\/wp-content\/uploads\/2021\/01\/WhatsApp-Image-2021-01-26-at-04.59.32-1.jpeg 1280w\" sizes=\"auto, (max-width: 1024px) 100vw, 1024px\" \/><\/figure><\/li><\/ul><\/figure>\n\n\n\n<figure class=\"wp-block-image size-large\"><img loading=\"lazy\" decoding=\"async\" width=\"1024\" height=\"768\" src=\"http:\/\/zefiroflautas.com.br\/wp-content\/uploads\/2021\/06\/WhatsApp-Image-2021-01-18-at-20.54.06-4-1024x768.jpeg\" alt=\"\" class=\"wp-image-176\" srcset=\"https:\/\/zefiroflautas.com.br\/wp-content\/uploads\/2021\/06\/WhatsApp-Image-2021-01-18-at-20.54.06-4-1024x768.jpeg 1024w, https:\/\/zefiroflautas.com.br\/wp-content\/uploads\/2021\/06\/WhatsApp-Image-2021-01-18-at-20.54.06-4-300x225.jpeg 300w, https:\/\/zefiroflautas.com.br\/wp-content\/uploads\/2021\/06\/WhatsApp-Image-2021-01-18-at-20.54.06-4-768x576.jpeg 768w, https:\/\/zefiroflautas.com.br\/wp-content\/uploads\/2021\/06\/WhatsApp-Image-2021-01-18-at-20.54.06-4.jpeg 1152w\" sizes=\"auto, (max-width: 1024px) 100vw, 1024px\" \/><\/figure>\n\n\n\n<p> <\/p>\n\n\n\n<figure class=\"wp-block-image size-large\"><img loading=\"lazy\" decoding=\"async\" width=\"498\" height=\"1024\" src=\"http:\/\/zefiroflautas.com.br\/wp-content\/uploads\/2021\/06\/WhatsApp-Image-2021-01-18-at-20.54.07-2-1-498x1024.jpeg\" alt=\"\" class=\"wp-image-177\" srcset=\"https:\/\/zefiroflautas.com.br\/wp-content\/uploads\/2021\/06\/WhatsApp-Image-2021-01-18-at-20.54.07-2-1-498x1024.jpeg 498w, https:\/\/zefiroflautas.com.br\/wp-content\/uploads\/2021\/06\/WhatsApp-Image-2021-01-18-at-20.54.07-2-1-146x300.jpeg 146w, https:\/\/zefiroflautas.com.br\/wp-content\/uploads\/2021\/06\/WhatsApp-Image-2021-01-18-at-20.54.07-2-1.jpeg 623w\" sizes=\"auto, (max-width: 498px) 100vw, 498px\" \/><\/figure>\n\n\n\n<figure class=\"wp-block-image size-large\"><img loading=\"lazy\" decoding=\"async\" width=\"1024\" height=\"498\" src=\"http:\/\/zefiroflautas.com.br\/wp-content\/uploads\/2021\/06\/WhatsApp-Image-2021-01-18-at-20.54.07-1-1-1024x498.jpeg\" alt=\"\" class=\"wp-image-178\" srcset=\"https:\/\/zefiroflautas.com.br\/wp-content\/uploads\/2021\/06\/WhatsApp-Image-2021-01-18-at-20.54.07-1-1-1024x498.jpeg 1024w, https:\/\/zefiroflautas.com.br\/wp-content\/uploads\/2021\/06\/WhatsApp-Image-2021-01-18-at-20.54.07-1-1-300x146.jpeg 300w, https:\/\/zefiroflautas.com.br\/wp-content\/uploads\/2021\/06\/WhatsApp-Image-2021-01-18-at-20.54.07-1-1-768x374.jpeg 768w, https:\/\/zefiroflautas.com.br\/wp-content\/uploads\/2021\/06\/WhatsApp-Image-2021-01-18-at-20.54.07-1-1.jpeg 1280w\" sizes=\"auto, (max-width: 1024px) 100vw, 1024px\" \/><\/figure>\n\n\n\n<p><\/p>\n\n\n\n<h3 class=\"has-text-align-center wp-block-heading\">Digita\u00e7\u00e3o<\/h3>\n<\/div><\/div>\n\n\n\n<p><\/p>\n<\/div>\n<\/div>\n\n\n\n<figure class=\"wp-block-image size-large\"><img loading=\"lazy\" decoding=\"async\" width=\"1024\" height=\"981\" src=\"http:\/\/zefiroflautas.com.br\/wp-content\/uploads\/2021\/01\/DoC-1024x981.jpeg\" alt=\"\" class=\"wp-image-116\" srcset=\"https:\/\/zefiroflautas.com.br\/wp-content\/uploads\/2021\/01\/DoC-1024x981.jpeg 1024w, https:\/\/zefiroflautas.com.br\/wp-content\/uploads\/2021\/01\/DoC-300x287.jpeg 300w, https:\/\/zefiroflautas.com.br\/wp-content\/uploads\/2021\/01\/DoC-768x736.jpeg 768w, https:\/\/zefiroflautas.com.br\/wp-content\/uploads\/2021\/01\/DoC.jpeg 1280w\" sizes=\"auto, (max-width: 1024px) 100vw, 1024px\" \/><\/figure>\n\n\n\n<p>  <\/p>\n\n\n\n<figure class=\"wp-block-image size-large\"><img loading=\"lazy\" decoding=\"async\" width=\"1024\" height=\"964\" src=\"http:\/\/zefiroflautas.com.br\/wp-content\/uploads\/2021\/01\/SolG-1024x964.jpeg\" alt=\"\" class=\"wp-image-117\" srcset=\"https:\/\/zefiroflautas.com.br\/wp-content\/uploads\/2021\/01\/SolG-1024x964.jpeg 1024w, https:\/\/zefiroflautas.com.br\/wp-content\/uploads\/2021\/01\/SolG-300x282.jpeg 300w, https:\/\/zefiroflautas.com.br\/wp-content\/uploads\/2021\/01\/SolG-768x723.jpeg 768w, https:\/\/zefiroflautas.com.br\/wp-content\/uploads\/2021\/01\/SolG.jpeg 1280w\" sizes=\"auto, (max-width: 1024px) 100vw, 1024px\" \/><\/figure>\n\n\n\n<p>  <\/p>\n\n\n\n<h3 class=\"has-text-align-center wp-block-heading\">Escalas e modos<\/h3>\n\n\n\n<p> <\/p>\n\n\n\n<figure class=\"wp-block-image size-large\"><img loading=\"lazy\" decoding=\"async\" width=\"2402\" height=\"2560\" src=\"http:\/\/zefiroflautas.com.br\/wp-content\/uploads\/2021\/01\/12-ESCALAS-E-MODOS-DO\u0301-scaled.jpg\" alt=\"\" class=\"wp-image-121\" srcset=\"https:\/\/zefiroflautas.com.br\/wp-content\/uploads\/2021\/01\/12-ESCALAS-E-MODOS-DO\u0301-scaled.jpg 2402w, https:\/\/zefiroflautas.com.br\/wp-content\/uploads\/2021\/01\/12-ESCALAS-E-MODOS-DO\u0301-281x300.jpg 281w\" sizes=\"auto, (max-width: 2402px) 100vw, 2402px\" \/><\/figure>\n\n\n\n<p> <\/p>\n\n\n\n<figure class=\"wp-block-image size-large\"><img loading=\"lazy\" decoding=\"async\" width=\"2377\" height=\"2560\" src=\"http:\/\/zefiroflautas.com.br\/wp-content\/uploads\/2021\/03\/12-ESCALAS-E-MODOS-SOL-1-scaled.jpg\" alt=\"\" class=\"wp-image-146\" srcset=\"https:\/\/zefiroflautas.com.br\/wp-content\/uploads\/2021\/03\/12-ESCALAS-E-MODOS-SOL-1-scaled.jpg 2377w, https:\/\/zefiroflautas.com.br\/wp-content\/uploads\/2021\/03\/12-ESCALAS-E-MODOS-SOL-1-279x300.jpg 279w\" sizes=\"auto, (max-width: 2377px) 100vw, 2377px\" \/><\/figure>\n\n\n\n<p> <\/p>\n\n\n\n<p class=\"has-text-align-center\"><br><span class=\"has-inline-color has-black-color\">COMPRAS PELO CELULAR  <\/span><span class=\"has-inline-color has-vivid-green-cyan-color\"><strong> 41 999048226<\/strong><\/span><\/p>\n\n\n\n<p class=\"has-text-align-center\">OU EMAIL  <strong><span class=\"has-inline-color has-vivid-green-cyan-color\"> zefiroflautas@gmail.com<\/span><\/strong><br><br><\/p>\n\n\n\n<p class=\"has-text-align-center\">__<br><br>Zefiro Flautas &#8211; P\u00edfanos em Alum\u00ednio<br>__<\/p>\n\n\n\n<p class=\"has-text-align-center\">CNPJ: 31.874.614\/0001-26 \u00a9 Todos os direitos reservados. 2021<\/p>\n\n\n\n<p> <\/p>\n","protected":false},"excerpt":{"rendered":"<p>Fazemos P\u00edfanos em alum\u00ednio afinados em Sol (G) e em D\u00f3 (C). COMPRAS PELO CELULAR 41 999048226 OU EMAIL zefiroflautas@gmail.com Digita\u00e7\u00e3o Escalas e modos COMPRAS PELO CELULAR 41 999048226 OU EMAIL zefiroflautas@gmail.com __ Zefiro Flautas &#8211; P\u00edfanos em Alum\u00ednio__ CNPJ: 31.874.614\/0001-26 \u00a9 Todos os direitos reservados. 2021<\/p>\n","protected":false},"author":1,"featured_media":0,"parent":0,"menu_order":0,"comment_status":"closed","ping_status":"closed","template":"","meta":{"footnotes":""},"class_list":["post-61","page","type-page","status-publish","hentry"],"_links":{"self":[{"href":"https:\/\/zefiroflautas.com.br\/index.php\/wp-json\/wp\/v2\/pages\/61","targetHints":{"allow":["GET"]}}],"collection":[{"href":"https:\/\/zefiroflautas.com.br\/index.php\/wp-json\/wp\/v2\/pages"}],"about":[{"href":"https:\/\/zefiroflautas.com.br\/index.php\/wp-json\/wp\/v2\/types\/page"}],"author":[{"embeddable":true,"href":"https:\/\/zefiroflautas.com.br\/index.php\/wp-json\/wp\/v2\/users\/1"}],"replies":[{"embeddable":true,"href":"https:\/\/zefiroflautas.com.br\/index.php\/wp-json\/wp\/v2\/comments?post=61"}],"version-history":[{"count":26,"href":"https:\/\/zefiroflautas.com.br\/index.php\/wp-json\/wp\/v2\/pages\/61\/revisions"}],"predecessor-version":[{"id":179,"href":"https:\/\/zefiroflautas.com.br\/index.php\/wp-json\/wp\/v2\/pages\/61\/revisions\/179"}],"wp:attachment":[{"href":"https:\/\/zefiroflautas.com.br\/index.php\/wp-json\/wp\/v2\/media?parent=61"}],"curies":[{"name":"wp","href":"https:\/\/api.w.org\/{rel}","templated":true}]}}